{"id":87,"date":"2019-03-06T16:17:26","date_gmt":"2019-03-06T16:17:26","guid":{"rendered":"https:\/\/consorciojet.co\/?page_id=87"},"modified":"2022-09-28T20:37:08","modified_gmt":"2022-09-28T20:37:08","slug":"aeropuerto-camilo-daza","status":"publish","type":"page","link":"https:\/\/consorciojet.co\/index.php\/aeropuerto-camilo-daza\/","title":{"rendered":"Aeropuerto Camilo Daza de C\u00facuta"},"content":{"rendered":"\n\n\t[metaslider id=&#8221;483&#8243;]\n\t\t\t\t<img loading=\"lazy\" decoding=\"async\" src=\"https:\/\/consorciojet.co\/wp-content\/uploads\/2019\/05\/cucuta.png\" alt=\"cucuta\" itemprop=\"image\" height=\"561\" width=\"887\" title=\"cucuta\" onerror=\"this.style.display='none'\"  \/>\n\t<p><b>Principales Aerol\u00edneas y Destinos:<\/b><\/p>\n<ul>\n<li>Avianca: Bogot\u00e1<\/li>\n<li>LATAM: Bogot\u00e1<\/li>\n<li>Viva Air: Bogot\u00e1<\/li>\n<li>EasyFly: Medell\u00edn, Bucaramanga, Tib\u00fa, Arauca<\/li>\n<\/ul>\n\t<p><strong>FICHA T\u00c9CNICA<\/strong><\/p>\n<table width=\"946\">\n<tbody>\n<tr>\n<td width=\"269\"><strong>Inicio Concesi\u00f3n:<\/strong><\/td>\n<td width=\"677\">Oct-2010<\/td>\n<\/tr>\n<tr>\n<td width=\"269\"><strong>Paso a la ANI:<\/strong><\/td>\n<td width=\"677\">Dic-2013<\/td>\n<\/tr>\n<tr>\n<td width=\"269\"><strong>Intervenci\u00f3n ANI:<\/strong><\/td>\n<td width=\"677\">Obras de Modernizaci\u00f3n &#8211; Etapa I\nObras de Ampliaci\u00f3n &#8211; Etapa II<\/td>\n<\/tr>\n<tr>\n<td width=\"269\"><strong>Inversi\u00f3n Obras ANI:<\/strong><\/td>\n<td width=\"677\">$79 Mil Millones (Acumuladas)<\/td>\n<\/tr>\n<tr>\n<td width=\"269\"><strong>Datos Concesi\u00f3n:<\/strong><\/td>\n<td width=\"677\">NORORIENTE\n<strong>AEROPUERTOS DE ORIENTE S.A.S.<\/strong><br \/>\n<strong>\u2022 CIEF (Fondo de Capital Privado Colombian Infraestruture Equity Fund: 50%<\/strong><br \/>\n<strong>\u2022 EXI CERPI (Compa\u00f1\u00eda de prop\u00f3sito del Fondo de Capital Privado EXI LATAM y M\u00e9xico Infraestructure Partners America Latina MIP AL): 48.50%<\/strong><br \/>\n<strong>\u2022 MIP CERPI (Compa\u00f1\u00eda de prop\u00f3sito del Fondo de Capital Privado EXI LATAM y M\u00e9xico Infraestructure Partners America Latina MIP AL: 1.50%<\/strong>\n<p>\u20226 Aeropuertos<\/p>\n<p>\u2022Santa Marta, Valledupar, Riohacha, C\u00facuta, Bucaramanga, Barrancabermeja<\/p>\n\u2022Responsabilidad &#8211; Lado Aire<\/td>\n<\/tr>\n<\/tbody>\n<\/table>\n\n","protected":false},"excerpt":{"rendered":"","protected":false},"author":1,"featured_media":0,"parent":0,"menu_order":0,"comment_status":"closed","ping_status":"closed","template":"","meta":{"site-sidebar-layout":"no-sidebar","site-content-layout":"default","ast-global-header-display":"","ast-main-header-display":"","ast-hfb-above-header-display":"","ast-hfb-below-header-display":"","ast-hfb-mobile-header-display":"","site-post-title":"","ast-breadcrumbs-content":"","ast-featured-img":"","footer-sml-layout":"","theme-transparent-header-meta":"default","adv-header-id-meta":"","stick-header-meta":"","header-above-stick-meta":"","header-main-stick-meta":"","header-below-stick-meta":"","footnotes":""},"class_list":["post-87","page","type-page","status-publish","hentry"],"_links":{"self":[{"href":"https:\/\/consorciojet.co\/index.php\/wp-json\/wp\/v2\/pages\/87","targetHints":{"allow":["GET"]}}],"collection":[{"href":"https:\/\/consorciojet.co\/index.php\/wp-json\/wp\/v2\/pages"}],"about":[{"href":"https:\/\/consorciojet.co\/index.php\/wp-json\/wp\/v2\/types\/page"}],"author":[{"embeddable":true,"href":"https:\/\/consorciojet.co\/index.php\/wp-json\/wp\/v2\/users\/1"}],"replies":[{"embeddable":true,"href":"https:\/\/consorciojet.co\/index.php\/wp-json\/wp\/v2\/comments?post=87"}],"version-history":[{"count":9,"href":"https:\/\/consorciojet.co\/index.php\/wp-json\/wp\/v2\/pages\/87\/revisions"}],"predecessor-version":[{"id":855,"href":"https:\/\/consorciojet.co\/index.php\/wp-json\/wp\/v2\/pages\/87\/revisions\/855"}],"wp:attachment":[{"href":"https:\/\/consorciojet.co\/index.php\/wp-json\/wp\/v2\/media?parent=87"}],"curies":[{"name":"wp","href":"https:\/\/api.w.org\/{rel}","templated":true}]}}