{"id":83,"date":"2019-03-06T16:16:42","date_gmt":"2019-03-06T16:16:42","guid":{"rendered":"https:\/\/consorciojet.co\/?page_id=83"},"modified":"2022-09-28T20:26:18","modified_gmt":"2022-09-28T20:26:18","slug":"aeropuerto-palonegro","status":"publish","type":"page","link":"https:\/\/consorciojet.co\/index.php\/aeropuerto-palonegro\/","title":{"rendered":"Aeropuerto Palonegro de Bucaramanga"},"content":{"rendered":"\n\n\t[metaslider id=&#8221;499&#8243;]\n\t\t\t\t<img loading=\"lazy\" decoding=\"async\" src=\"https:\/\/consorciojet.co\/wp-content\/uploads\/2019\/05\/palonegro.png\" alt=\"palonegro\" itemprop=\"image\" height=\"538\" width=\"857\" title=\"palonegro\" onerror=\"this.style.display='none'\"  \/>\n\t<p><b>Principales Aerol\u00edneas y Destinos:<\/b><\/p>\n<ul>\n<li>Avianca: Bogot\u00e1, Rionegro (Medell\u00edn) y San Andr\u00e9s<\/li>\n<li>LATAM: Bogot\u00e1<\/li>\n<li>Viva Air: Bogot\u00e1, Santa Marta<\/li>\n<li>Satena: Saravena<\/li>\n<li>EasyFly: C\u00facuta, Medell\u00edn, Pereira, El Yopal, Arauca, Barranquilla, Cartagena, Cali<\/li>\n<li>Copa Airlines: Ciudad de Panam\u00e1<\/li>\n<\/ul>\n\t<p><strong>FICHA T\u00c9CNICA<\/strong><\/p>\n<table width=\"946\">\n<tbody>\n<tr>\n<td width=\"269\"><strong>Inicio Concesi\u00f3n:<\/strong><\/td>\n<td width=\"677\">Oct-2010<\/td>\n<\/tr>\n<tr>\n<td width=\"269\"><strong>Paso a ANI:<\/strong><\/td>\n<td width=\"677\">Dic-2013<\/td>\n<\/tr>\n<tr>\n<td width=\"269\"><strong>Intervenci\u00f3n ANI:<\/strong><\/td>\n<td width=\"677\">Obras de Modernizaci\u00f3n &#8211; Etapa 1\nObras de Ampliaci\u00f3n &#8211; Etapa 2<\/td>\n<\/tr>\n<tr>\n<td width=\"269\"><strong>Inversi\u00f3n Obras ANI:<\/strong><\/td>\n<td width=\"677\">$82 Mil Millones<\/td>\n<\/tr>\n<tr>\n<td width=\"269\"><strong>Datos Concesi\u00f3n:<\/strong><\/td>\n<td width=\"677\">NORORIENTE\n<strong>AEROPUERTOS DE ORIENTE S.A.S.<\/strong><br \/>\n<strong>\u2022 CIEF (Fondo de Capital Privado Colombian Infraestruture Equity Fund: 50%<\/strong><br \/>\n<strong>\u2022 EXI CERPI (Compa\u00f1\u00eda de prop\u00f3sito del Fondo de Capital Privado EXI LATAM y M\u00e9xico Infraestructure Partners America Latina MIP AL): 48.50%<\/strong><br \/>\n<strong>\u2022 MIP CERPI (Compa\u00f1\u00eda de prop\u00f3sito del Fondo de Capital Privado EXI LATAM y M\u00e9xico Infraestructure Partners America Latina MIP AL: 1.50%<\/strong>\n<p>\u2022Santa Marta, Valledupar, Riohacha, C\u00facuta, Bucaramanga, Barrancabermeja (6 Aeropuertos)<\/p>\n<p>\u2022Lado Aire<\/p>\n\u2022Ingreso Esperado &#8211; 2034<\/td>\n<\/tr>\n<\/tbody>\n<\/table>\n\n","protected":false},"excerpt":{"rendered":"","protected":false},"author":1,"featured_media":0,"parent":0,"menu_order":0,"comment_status":"closed","ping_status":"closed","template":"","meta":{"site-sidebar-layout":"no-sidebar","site-content-layout":"default","ast-global-header-display":"","ast-main-header-display":"","ast-hfb-above-header-display":"","ast-hfb-below-header-display":"","ast-hfb-mobile-header-display":"","site-post-title":"","ast-breadcrumbs-content":"","ast-featured-img":"","footer-sml-layout":"","theme-transparent-header-meta":"default","adv-header-id-meta":"","stick-header-meta":"","header-above-stick-meta":"","header-main-stick-meta":"","header-below-stick-meta":"","footnotes":""},"class_list":["post-83","page","type-page","status-publish","hentry"],"_links":{"self":[{"href":"https:\/\/consorciojet.co\/index.php\/wp-json\/wp\/v2\/pages\/83","targetHints":{"allow":["GET"]}}],"collection":[{"href":"https:\/\/consorciojet.co\/index.php\/wp-json\/wp\/v2\/pages"}],"about":[{"href":"https:\/\/consorciojet.co\/index.php\/wp-json\/wp\/v2\/types\/page"}],"author":[{"embeddable":true,"href":"https:\/\/consorciojet.co\/index.php\/wp-json\/wp\/v2\/users\/1"}],"replies":[{"embeddable":true,"href":"https:\/\/consorciojet.co\/index.php\/wp-json\/wp\/v2\/comments?post=83"}],"version-history":[{"count":10,"href":"https:\/\/consorciojet.co\/index.php\/wp-json\/wp\/v2\/pages\/83\/revisions"}],"predecessor-version":[{"id":849,"href":"https:\/\/consorciojet.co\/index.php\/wp-json\/wp\/v2\/pages\/83\/revisions\/849"}],"wp:attachment":[{"href":"https:\/\/consorciojet.co\/index.php\/wp-json\/wp\/v2\/media?parent=83"}],"curies":[{"name":"wp","href":"https:\/\/api.w.org\/{rel}","templated":true}]}}