{"id":73,"date":"2019-03-06T16:11:06","date_gmt":"2019-03-06T16:11:06","guid":{"rendered":"https:\/\/consorciojet.co\/?page_id=73"},"modified":"2024-05-10T20:51:02","modified_gmt":"2024-05-10T20:51:02","slug":"quienes-somos","status":"publish","type":"page","link":"https:\/\/consorciojet.co\/index.php\/quienes-somos\/","title":{"rendered":"Qui\u00e9nes somos"},"content":{"rendered":"\n\n\tContrato No. 503 de 2015, que tiene por objeto: &#8220;Interventor\u00eda t\u00e9cnica, econ\u00f3mica, financiera, contable, jur\u00eddica, administrativa, operativa, ambiental, social y predial del Contrato de Concesiones No. 10000078 OK de 2010&#8221;<b><br \/>\n<\/b>\n\t\t\t\t<img loading=\"lazy\" decoding=\"async\" src=\"https:\/\/consorciojet.co\/wp-content\/uploads\/2024\/05\/ORGANIGRAMA-JET1.jpg\" alt=\"ORGANIGRAMA JET[1]\" itemprop=\"image\" height=\"720\" width=\"1280\" title=\"ORGANIGRAMA JET[1]\" onerror=\"this.style.display='none'\"  \/>\n\n","protected":false},"excerpt":{"rendered":"","protected":false},"author":1,"featured_media":0,"parent":0,"menu_order":0,"comment_status":"closed","ping_status":"closed","template":"","meta":{"site-sidebar-layout":"no-sidebar","site-content-layout":"default","ast-global-header-display":"","ast-main-header-display":"","ast-hfb-above-header-display":"","ast-hfb-below-header-display":"","ast-hfb-mobile-header-display":"","site-post-title":"","ast-breadcrumbs-content":"","ast-featured-img":"","footer-sml-layout":"","theme-transparent-header-meta":"default","adv-header-id-meta":"","stick-header-meta":"","header-above-stick-meta":"","header-main-stick-meta":"","header-below-stick-meta":"","footnotes":""},"class_list":["post-73","page","type-page","status-publish","hentry"],"_links":{"self":[{"href":"https:\/\/consorciojet.co\/index.php\/wp-json\/wp\/v2\/pages\/73","targetHints":{"allow":["GET"]}}],"collection":[{"href":"https:\/\/consorciojet.co\/index.php\/wp-json\/wp\/v2\/pages"}],"about":[{"href":"https:\/\/consorciojet.co\/index.php\/wp-json\/wp\/v2\/types\/page"}],"author":[{"embeddable":true,"href":"https:\/\/consorciojet.co\/index.php\/wp-json\/wp\/v2\/users\/1"}],"replies":[{"embeddable":true,"href":"https:\/\/consorciojet.co\/index.php\/wp-json\/wp\/v2\/comments?post=73"}],"version-history":[{"count":13,"href":"https:\/\/consorciojet.co\/index.php\/wp-json\/wp\/v2\/pages\/73\/revisions"}],"predecessor-version":[{"id":908,"href":"https:\/\/consorciojet.co\/index.php\/wp-json\/wp\/v2\/pages\/73\/revisions\/908"}],"wp:attachment":[{"href":"https:\/\/consorciojet.co\/index.php\/wp-json\/wp\/v2\/media?parent=73"}],"curies":[{"name":"wp","href":"https:\/\/api.w.org\/{rel}","templated":true}]}}